{"id":10365,"date":"2026-04-07T09:05:44","date_gmt":"2026-04-07T08:05:44","guid":{"rendered":"https:\/\/izvestiyakbncran.ru\/?page_id=10365"},"modified":"2026-04-10T10:12:05","modified_gmt":"2026-04-10T09:12:05","slug":"25-6-31-en","status":"publish","type":"page","link":"https:\/\/izvestiyakbncran.ru\/index.php\/en\/25-6-31-en\/","title":{"rendered":"25.6.31 En"},"content":{"rendered":"\n<h1 class=\"wp-block-heading has-lora-font-family\" style=\"font-size:22px\"><strong>Possible consequences of the development of smart production systems \u201cSmart Factory\u201d during the period of intellectualization of living environment<\/strong><\/h1>\n\n\n\n<p class=\"has-foreground-color has-text-color has-link-color has-lora-font-family has-extra-small-font-size wp-elements-3fc18b4271b445537909e631b7cd4562\" style=\"margin-top:0;margin-bottom:0;padding-top:0;padding-bottom:0\"><strong>O.Z. Zagazezheva, S.Kh. Shalova<\/strong><\/p>\n\n\n\n<p class=\"has-foreground-color has-text-color has-link-color has-lora-font-family has-extra-small-font-size wp-elements-86b70c892ee51d64e6bf0730e3274f25\" style=\"margin-top:0;margin-bottom:0;padding-top:0;padding-bottom:0\"><\/p>\n\n\n\n<hr class=\"wp-block-separator has-alpha-channel-opacity is-style-wide\" style=\"margin-top:var(--wp--preset--spacing--20);margin-bottom:var(--wp--preset--spacing--20)\"\/>\n\n\n\n<div class=\"wp-block-group is-nowrap is-layout-flex wp-container-core-group-is-layout-d3328a80 wp-block-group-is-layout-flex\" style=\"margin-top:0;margin-bottom:0;padding-top:var(--wp--preset--spacing--20);padding-bottom:var(--wp--preset--spacing--20)\">\n<p class=\"has-text-color has-link-color has-lora-font-family has-extra-small-font-size wp-elements-fa99f84d8051eb763ab85c3007cdb1c2\" style=\"color:#5b1919;text-decoration:underline\"><strong><strong>Upload the full text<\/strong><\/strong><\/p>\n\n\n\n<div class=\"wp-block-group is-vertical is-layout-flex wp-container-core-group-is-layout-9151b400 wp-block-group-is-layout-flex\" style=\"min-height:0px;margin-top:0;margin-bottom:0;padding-top:0;padding-bottom:0\">\n<div class=\"wp-block-buttons is-content-justification-left is-layout-flex wp-container-core-buttons-is-layout-15bf754d wp-block-buttons-is-layout-flex\" style=\"margin-top:0;margin-bottom:0;padding-top:0;padding-right:0;padding-bottom:0;padding-left:0\">\n<div class=\"wp-block-button has-custom-width wp-block-button__width-100 is-style-outline is-style-outline--1\"><a class=\"wp-block-button__link has-background-background-color has-text-color has-background has-link-color has-border-color has-small-font-size has-custom-font-size wp-element-button\" href=\"http:\/\/izvestiyakbncran.ru\/wp-content\/uploads\/2026\/04\/31-zag.pdf\" style=\"border-color:#5b1919;border-style:solid;border-width:2px;border-radius:8px;color:#5b1919;padding-top:0.4rem;padding-right:var(--wp--preset--spacing--40);padding-bottom:0.4rem;padding-left:var(--wp--preset--spacing--40)\">PDF<\/a><\/div>\n<\/div>\n\n\n\n<div style=\"height:0px;width:0px\" aria-hidden=\"true\" class=\"wp-block-spacer wp-container-content-273e683f\"><\/div>\n<\/div>\n<\/div>\n\n\n\n<p class=\"has-foreground-color has-text-color has-link-color has-lora-font-family has-extra-small-font-size wp-elements-92268b0995dc5948189643063b248ea6\" style=\"line-height:1.4\"><em><strong><strong>Abstract<\/strong>:<\/strong> <\/em>The article discusses the possible consequences of the introduction of smart production systems \u201cSmart Factory\u201d. The introduction of robotic systems into production activities, as well as some economic and social effects are being investigated. The paper also discusses advanced information and communication technologies, in particular digital ones, which will contribute to the rational use of materials, as well as minimize monotonous and physically complex work in production activities. At the same time these technologies have a positive impact on socio-economic development. The introduction of \u201cSmart Factories\u201d should provide competitive products in a period of growing competition, with an optimized approach to costs and errors that arise during production activities. During the intellectualization of the production and economic sphere, it is necessary to know the objective causeand-effect relationships that determine the nature of the evolution of production and economic systems. Knowledge of these connections will allow synthesizing algorithms for adaptive management of safe development of society. The authors also consider the development of robotics and production capabilities in the context of the introduction of \u201cSmart Factories\u201d and the social consequences in the form of unemployment and management of this process.<\/p>\n\n\n\n<p class=\"has-foreground-color has-text-color has-link-color has-lora-font-family has-extra-small-font-size wp-elements-df03325adc83c022634de6b79d43432f\" style=\"line-height:1.4\"><\/p>\n\n\n\n<p class=\"has-foreground-color has-text-color has-link-color has-lora-font-family has-extra-small-font-size wp-elements-89282699b1c5bc0dae1a4d6e72b7ab03\" style=\"line-height:1.4\"><strong><em><strong>Keywords<\/strong>:<\/em><\/strong> smart production systems, production and economic systems, robotic systems, intelligent solutions, socio-economic development<\/p>\n\n\n\n<p class=\"has-foreground-color has-text-color has-link-color has-lora-font-family has-extra-small-font-size wp-elements-df03325adc83c022634de6b79d43432f\" style=\"line-height:1.4\"><\/p>\n\n\n\n<p class=\"has-foreground-color has-text-color has-link-color has-lora-font-family wp-elements-32860ffdc917787232a221bd0c5cbab8\" style=\"font-size:12px;line-height:1.4\"><strong><strong>For citation<\/strong>.<\/strong> Zagazezheva O.Z., Shalova S.Kh. Possible consequences of the development of smart production systems \u201cSmart Factory\u201d during the period of intellectualization of living environment. <em>News of the KabardinoBalkarian Scientific Center of RAS<\/em>. 2023. No. 6(116). Pp. 329\u2013344. DOI: 10.35330\/1991-6639-2023-6-116-329-344<\/p>\n\n\n\n<p class=\"has-foreground-color has-text-color has-link-color has-lora-font-family wp-elements-17c3333a0b1db39b7fa4a3e1a1572bc4\" style=\"font-size:12px;line-height:1.4\"><\/p>\n\n\n\n<details class=\"wp-block-details has-foreground-color has-text-color has-link-color has-lora-font-family has-extra-small-font-size wp-elements-fda4ab4140f4a094545a59cf62b050f4 is-layout-flow wp-container-core-details-is-layout-0ab540ad wp-block-details-is-layout-flow\" style=\"font-style:normal;font-weight:700;line-height:1.5\"><summary><strong>R<\/strong>eferences<\/summary>\n<ol style=\"margin-top:0;margin-bottom:0\" class=\"wp-block-list\">\n<li style=\"font-style:normal;font-weight:400\">Golnabi H., Asadpour A. Design and Application of Industrial Machine Vision Systems. <em>Robotics and Computer-Integrated Manufacturing<\/em>. 2007. Pp. 630\u2013637.<\/li>\n\n\n\n<li style=\"font-style:normal;font-weight:400\">P\u00e9rez L., Rodr\u00edguez \u00cd., Rodr\u00edguez N., Usamentiaga R., Garc\u00eda D. F. Robot guidance using machine vision techniques in industrial environments: a comparative review. <em>Sensors.<\/em> 2016. P. 335.<\/li>\n\n\n\n<li style=\"font-style:normal;font-weight:400\">Sadovsky G.L. Analysis of modern trends in digital transformation of industry. <em>Molodoy uchenyy<\/em> [Young scientist]. 2017. No. 14. Pp. 427\u2013430. (In Russian)<\/li>\n\n\n\n<li style=\"font-style:normal;font-weight:400\">Filos E., Helmrath C., Riemenschneider R. Smart factories with next generation of production systems. <em>European commission<\/em>. URL: http:\/\/ec.europa.eu\/research\/industrial_technologies\/pdf\/conference2011\/fof-1-5-rolf-riemenschneiderchristoph-helmrath-11072011_en.pdf<\/li>\n\n\n\n<li style=\"font-style:normal;font-weight:400\">Borovkov A.I., Osmakov V.S. Center for Computer Engineering of St. Petersburg State University. National Technology Initiative. <em>Dorozhnaya karta Tekhnet<\/em> [Road map of Technet]. URL: http:\/\/fea.ru\/compound\/national-technology-initiative (access date: 10\/01\/2023). (In Russian)<\/li>\n\n\n\n<li style=\"font-style:normal;font-weight:400\">Zagazezheva O.Z., Shalova S.Kh. Features of the evolution of socio-economic systems during the period of society\u2019s transition to a state of heterophasic intelligence. <em>News of the KabardinoBalkarian Scientific Center of RAS<\/em>. 2022. No. 2(106). Pp. 92\u2013106. DOI: 10.35330\/1991-6639-2022-2-106-92-106. (In Russian)<\/li>\n\n\n\n<li style=\"font-style:normal;font-weight:400\">Chauhan C., Singh A., Luthra S. Barriers to industry 4.0 adoption its and performance implications: An empirical investigation of emerging economy. <em>J. Cleaner Prod. <\/em>2021. Article 124809.<\/li>\n\n\n\n<li style=\"font-style:normal;font-weight:400\">Esmaeilian B., Behdad S., Wang B. The evolution and future of manufacturing: a review. <em>J. Manuf. Syst.<\/em> 2016. Pp. 79\u2013100.<\/li>\n\n\n\n<li style=\"font-style:normal;font-weight:400\">De Looze M.P., Bosch T., Krause F. et al. Exoskeletons for industrial application and their potential effects on physical work load. <em>Ergonomics.<\/em> 2016. Pp. 671\u2013681.<\/li>\n\n\n\n<li style=\"font-style:normal;font-weight:400\">Haleem A., Javaid M., Khan I.H. Current status and applications of artificial intelligence (AI) in medical field: an overview. <em>Current Medicine Research and Practice<\/em>. 2019. Pp. 231\u2013237.<\/li>\n\n\n\n<li style=\"font-style:normal;font-weight:400\">Negri E., Ardakani H.D., Cattaneo L. et al. A digital twin-based scheduling framework including equipment health index and genetic algorithms. <em>IFAC-PapersOnLine. <\/em>2019. Pp. 43\u201348.<\/li>\n\n\n\n<li style=\"font-style:normal;font-weight:400\">Cherubini A., Passama R., Crosnier A. et al. Collaborative Manufacturing with Physical Human\u2013Robot Interaction. <em>Robotics and Computer-Integrated Manufacturing<\/em>. 2016. Pp. 1\u201313.<\/li>\n\n\n\n<li style=\"font-style:normal;font-weight:400\">Zagazezheva O.Z., Bzhikhatlov K.Ch. Development of a model of interaction in the socioecological-economic system of rural territories in the context of the introduction of new technologies. <em>News of the Kabardino-Balkarian Scientific Center of RAS<\/em>. 2022. No. 6(110). Pp. 194\u2013202. DOI 10.35330\/1991-6639-2022-6-110-194-202. EDN: ARBCPL. (In Russian)<\/li>\n\n\n\n<li style=\"font-style:normal;font-weight:400\">Simchenko N.A., Timirgaleeva R.R., Tsekhla S.Yu. et al. <em>Ustoychivoye razvitiye promyshlennosti v usloviyakh tsifrovoy polyarizatsii <\/em>[Sustainable development of industry in the conditions of digital polarization]. Sevastopol&#8217;: Filial MGU v g. Sevastopole, 2022. 242 p. ISBN 978-5-907330-91-7. DOI: 10.35103\/SMSU.2022.12.45.001. EDN: HJDRTF. (In Russian)<\/li>\n\n\n\n<li style=\"font-style:normal;font-weight:400\">Belonovskaya A.M. Riski bezrabotitsy v usloviyakh tsifrovizatsii ekonomiki i robotizatsii promyshlennosti [Risks of unemployment in the conditions of digitalization of the economy and robotization of industry]. XXII Chayanovskiye chteniya. Tvorcheskaya ekonomika dlya ustoychivogo razvitiya: Sbornik statey. March 24\u201325, 2022. Moscow: RSUH, 2022. Pp. 67\u201373. EDN: FYOHGF. (In Russian)<\/li>\n\n\n\n<li style=\"font-style:normal;font-weight:400\">Stevens Y.A., Marchant G.E. Policy Solutions to Technological Unemployment. Eds. LaGrandeur K., Hughes J. Surviving the Machine Age. 2017. Palgrave Macmillan, Cham. DOI: 10.1007\/978-3-319-51165-8_8\/<\/li>\n\n\n\n<li style=\"font-style:normal;font-weight:400\">Ilkevich S.V. Strategy for digital transformation of industrial enterprises: Effects of introducing smart manufacturing technologies. <em>Strategicheskiye resheniya i risk-menedzhment<\/em> [Strategic decisions and risk management]. 2022. No. 13(3). Pp. 210\u2013225. DOI: https:\/\/doi.org\/10.17747\/2618-947X-2022-3-210-225. (In Russian)<\/li>\n\n\n\n<li style=\"font-style:normal;font-weight:400\">Zagazezheva O.Z., Shalova S.Kh. Development of models for managing socio-economic systems in rural areas in the context of the introduction of new technologies. <em>News of the Kabardino-Balkarian Scientific Center of RAS<\/em>. 2023. No. 3(113). Pp. 40\u201354. DOI: 10.35330\/1991-6639-2023-3-113-40-54. EDN: EDSVYB. (In Russian)<\/li>\n<\/ol>\n<\/details>\n\n\n\n<details class=\"wp-block-details has-foreground-color has-text-color has-link-color has-lora-font-family has-extra-small-font-size wp-elements-90d143b1e7943ef52e456e84a16ee17c is-layout-flow wp-container-core-details-is-layout-5dafc681 wp-block-details-is-layout-flow\" style=\"font-style:normal;font-weight:700;line-height:1.5\"><summary><strong>Information about the authors<\/strong><\/summary>\n<div class=\"wp-block-group is-vertical is-layout-flex wp-container-core-group-is-layout-b291ae12 wp-block-group-is-layout-flex\" style=\"min-height:0px;margin-top:0;margin-bottom:0;padding-top:var(--wp--preset--spacing--20);padding-right:var(--wp--preset--spacing--40);padding-bottom:var(--wp--preset--spacing--20);padding-left:var(--wp--preset--spacing--40)\">\n<p style=\"font-style:normal;font-weight:400\"><strong>Zagazezheva Oksana Zaurovna<\/strong>, Candidate of Economic Sciences, Head of the Engineering Center, Kabardino-Balkarian Scientific Center of the Russian Academy of Sciences;<br>360004, Russia, Nalchik, 37-a I. Armand street;<br>oksmil.82@mail.ru, ORCID: https:\/\/orcid.org\/0000-0003-0903-4234<br><strong>Shalova Satanei Khautievna<\/strong>, Researcher of the Engineering Center, Kabardino-Balkarian Scientific Center of the Russian Academy of Sciences;<br>360004, Russia, Nalchik, 37-a I. Armand street;<br>satanei@mail.ru, ORCID: https:\/\/orcid.org\/0000-0003-2345-1309<\/p>\n\n\n\n<p style=\"font-style:normal;font-weight:400\"><br><\/p>\n\n\n\n<p style=\"font-style:normal;font-weight:400\"><\/p>\n\n\n\n<p style=\"font-style:normal;font-weight:400\"><\/p>\n\n\n\n<p style=\"font-style:normal;font-weight:400\"><\/p>\n\n\n\n<p style=\"font-style:normal;font-weight:400\"><\/p>\n\n\n\n<p style=\"font-style:normal;font-weight:400\"><\/p>\n<\/div>\n<\/details>\n","protected":false},"excerpt":{"rendered":"<p>Possible consequences of the development of smart production systems \u201cSmart Factory\u201d during the period of intellectualization of living environment O.Z. Zagazezheva, S.Kh. Shalova Upload the full text Abstract: The article discusses the possible consequences of the introduction of smart production systems \u201cSmart Factory\u201d. The introduction of robotic systems into production activities, as well as some [&hellip;]<\/p>\n","protected":false},"author":1,"featured_media":0,"parent":0,"menu_order":0,"comment_status":"closed","ping_status":"closed","template":"wp-custom-template-home","meta":{"footnotes":""},"class_list":["post-10365","page","type-page","status-publish","hentry"],"yoast_head":"<!-- This site is optimized with the Yoast SEO plugin v27.5 - https:\/\/yoast.com\/product\/yoast-seo-wordpress\/ -->\n<title>25.6.31 En - \u0418\u0417\u0412\u0415\u0421\u0422\u0418\u042f \u041a\u0410\u0411\u0410\u0420\u0414\u0418\u041d\u041e-\u0411\u0410\u041b\u041a\u0410\u0420\u0421\u041a\u041e\u0413\u041e \u041d\u0410\u0423\u0427\u041d\u041e\u0413\u041e \u0426\u0415\u041d\u0422\u0420\u0410 \u0420\u0410\u041d\u00bb<\/title>\n<meta name=\"robots\" content=\"index, follow, max-snippet:-1, max-image-preview:large, max-video-preview:-1\" \/>\n<link rel=\"canonical\" href=\"https:\/\/izvestiyakbncran.ru\/index.php\/en\/25-6-31-en\/\" \/>\n<meta property=\"og:locale\" content=\"ru_RU\" \/>\n<meta property=\"og:type\" content=\"article\" \/>\n<meta property=\"og:title\" content=\"25.6.31 En - \u0418\u0417\u0412\u0415\u0421\u0422\u0418\u042f \u041a\u0410\u0411\u0410\u0420\u0414\u0418\u041d\u041e-\u0411\u0410\u041b\u041a\u0410\u0420\u0421\u041a\u041e\u0413\u041e \u041d\u0410\u0423\u0427\u041d\u041e\u0413\u041e \u0426\u0415\u041d\u0422\u0420\u0410 \u0420\u0410\u041d\u00bb\" \/>\n<meta property=\"og:description\" content=\"Possible consequences of the development of smart production systems \u201cSmart Factory\u201d during the period of intellectualization of living environment O.Z. Zagazezheva, S.Kh. Shalova Upload the full text Abstract: The article discusses the possible consequences of the introduction of smart production systems \u201cSmart Factory\u201d. The introduction of robotic systems into production activities, as well as some [&hellip;]\" \/>\n<meta property=\"og:url\" content=\"https:\/\/izvestiyakbncran.ru\/index.php\/en\/25-6-31-en\/\" \/>\n<meta property=\"og:site_name\" content=\"\u0418\u0417\u0412\u0415\u0421\u0422\u0418\u042f \u041a\u0410\u0411\u0410\u0420\u0414\u0418\u041d\u041e-\u0411\u0410\u041b\u041a\u0410\u0420\u0421\u041a\u041e\u0413\u041e \u041d\u0410\u0423\u0427\u041d\u041e\u0413\u041e \u0426\u0415\u041d\u0422\u0420\u0410 \u0420\u0410\u041d\u00bb\" \/>\n<meta property=\"article:modified_time\" content=\"2026-04-10T09:12:05+00:00\" \/>\n<meta name=\"twitter:card\" content=\"summary_large_image\" \/>\n<meta name=\"twitter:label1\" content=\"\u041f\u0440\u0438\u043c\u0435\u0440\u043d\u043e\u0435 \u0432\u0440\u0435\u043c\u044f \u0434\u043b\u044f \u0447\u0442\u0435\u043d\u0438\u044f\" \/>\n\t<meta name=\"twitter:data1\" content=\"5 \u043c\u0438\u043d\u0443\u0442\" \/>\n<script type=\"application\/ld+json\" class=\"yoast-schema-graph\">{\"@context\":\"https:\\\/\\\/schema.org\",\"@graph\":[{\"@type\":\"WebPage\",\"@id\":\"https:\\\/\\\/izvestiyakbncran.ru\\\/index.php\\\/en\\\/25-6-31-en\\\/\",\"url\":\"https:\\\/\\\/izvestiyakbncran.ru\\\/index.php\\\/en\\\/25-6-31-en\\\/\",\"name\":\"25.6.31 En - \u0418\u0417\u0412\u0415\u0421\u0422\u0418\u042f \u041a\u0410\u0411\u0410\u0420\u0414\u0418\u041d\u041e-\u0411\u0410\u041b\u041a\u0410\u0420\u0421\u041a\u041e\u0413\u041e \u041d\u0410\u0423\u0427\u041d\u041e\u0413\u041e \u0426\u0415\u041d\u0422\u0420\u0410 \u0420\u0410\u041d\u00bb\",\"isPartOf\":{\"@id\":\"https:\\\/\\\/izvestiyakbncran.ru\\\/#website\"},\"datePublished\":\"2026-04-07T08:05:44+00:00\",\"dateModified\":\"2026-04-10T09:12:05+00:00\",\"breadcrumb\":{\"@id\":\"https:\\\/\\\/izvestiyakbncran.ru\\\/index.php\\\/en\\\/25-6-31-en\\\/#breadcrumb\"},\"inLanguage\":\"ru-RU\",\"potentialAction\":[{\"@type\":\"ReadAction\",\"target\":[\"https:\\\/\\\/izvestiyakbncran.ru\\\/index.php\\\/en\\\/25-6-31-en\\\/\"]}]},{\"@type\":\"BreadcrumbList\",\"@id\":\"https:\\\/\\\/izvestiyakbncran.ru\\\/index.php\\\/en\\\/25-6-31-en\\\/#breadcrumb\",\"itemListElement\":[{\"@type\":\"ListItem\",\"position\":1,\"name\":\"\u0413\u043b\u0430\u0432\u043d\u0430\u044f \u0441\u0442\u0440\u0430\u043d\u0438\u0446\u0430\",\"item\":\"https:\\\/\\\/izvestiyakbncran.ru\\\/\"},{\"@type\":\"ListItem\",\"position\":2,\"name\":\"25.6.31 En\"}]},{\"@type\":\"WebSite\",\"@id\":\"https:\\\/\\\/izvestiyakbncran.ru\\\/#website\",\"url\":\"https:\\\/\\\/izvestiyakbncran.ru\\\/\",\"name\":\"\u0418\u0417\u0412\u0415\u0421\u0422\u0418\u042f \u041a\u0410\u0411\u0410\u0420\u0414\u0418\u041d\u041e-\u0411\u0410\u041b\u041a\u0410\u0420\u0421\u041a\u041e\u0413\u041e \u041d\u0410\u0423\u0427\u041d\u041e\u0413\u041e \u0426\u0415\u041d\u0422\u0420\u0410 \u0420\u0410\u041d\u00bb\",\"description\":\"\u041d\u0430\u0443\u0447\u043d\u044b\u0439 \u0436\u0443\u0440\u043d\u0430\u043b\",\"publisher\":{\"@id\":\"https:\\\/\\\/izvestiyakbncran.ru\\\/#organization\"},\"potentialAction\":[{\"@type\":\"SearchAction\",\"target\":{\"@type\":\"EntryPoint\",\"urlTemplate\":\"https:\\\/\\\/izvestiyakbncran.ru\\\/?s={search_term_string}\"},\"query-input\":{\"@type\":\"PropertyValueSpecification\",\"valueRequired\":true,\"valueName\":\"search_term_string\"}}],\"inLanguage\":\"ru-RU\"},{\"@type\":\"Organization\",\"@id\":\"https:\\\/\\\/izvestiyakbncran.ru\\\/#organization\",\"name\":\"\u0418\u0417\u0412\u0415\u0421\u0422\u0418\u042f \u041a\u0410\u0411\u0410\u0420\u0414\u0418\u041d\u041e-\u0411\u0410\u041b\u041a\u0410\u0420\u0421\u041a\u041e\u0413\u041e \u041d\u0410\u0423\u0427\u041d\u041e\u0413\u041e \u0426\u0415\u041d\u0422\u0420\u0410 \u0420\u0410\u041d\u00bb\",\"url\":\"https:\\\/\\\/izvestiyakbncran.ru\\\/\",\"logo\":{\"@type\":\"ImageObject\",\"inLanguage\":\"ru-RU\",\"@id\":\"https:\\\/\\\/izvestiyakbncran.ru\\\/#\\\/schema\\\/logo\\\/image\\\/\",\"url\":\"https:\\\/\\\/izvestiyakbncran.ru\\\/wp-content\\\/uploads\\\/2025\\\/07\\\/oblozhka-zhurnala-na-angl-scaled.jpg\",\"contentUrl\":\"https:\\\/\\\/izvestiyakbncran.ru\\\/wp-content\\\/uploads\\\/2025\\\/07\\\/oblozhka-zhurnala-na-angl-scaled.jpg\",\"width\":1828,\"height\":2560,\"caption\":\"\u0418\u0417\u0412\u0415\u0421\u0422\u0418\u042f \u041a\u0410\u0411\u0410\u0420\u0414\u0418\u041d\u041e-\u0411\u0410\u041b\u041a\u0410\u0420\u0421\u041a\u041e\u0413\u041e \u041d\u0410\u0423\u0427\u041d\u041e\u0413\u041e \u0426\u0415\u041d\u0422\u0420\u0410 \u0420\u0410\u041d\u00bb\"},\"image\":{\"@id\":\"https:\\\/\\\/izvestiyakbncran.ru\\\/#\\\/schema\\\/logo\\\/image\\\/\"}}]}<\/script>\n<!-- \/ Yoast SEO plugin. -->","yoast_head_json":{"title":"25.6.31 En - \u0418\u0417\u0412\u0415\u0421\u0422\u0418\u042f \u041a\u0410\u0411\u0410\u0420\u0414\u0418\u041d\u041e-\u0411\u0410\u041b\u041a\u0410\u0420\u0421\u041a\u041e\u0413\u041e \u041d\u0410\u0423\u0427\u041d\u041e\u0413\u041e \u0426\u0415\u041d\u0422\u0420\u0410 \u0420\u0410\u041d\u00bb","robots":{"index":"index","follow":"follow","max-snippet":"max-snippet:-1","max-image-preview":"max-image-preview:large","max-video-preview":"max-video-preview:-1"},"canonical":"https:\/\/izvestiyakbncran.ru\/index.php\/en\/25-6-31-en\/","og_locale":"ru_RU","og_type":"article","og_title":"25.6.31 En - \u0418\u0417\u0412\u0415\u0421\u0422\u0418\u042f \u041a\u0410\u0411\u0410\u0420\u0414\u0418\u041d\u041e-\u0411\u0410\u041b\u041a\u0410\u0420\u0421\u041a\u041e\u0413\u041e \u041d\u0410\u0423\u0427\u041d\u041e\u0413\u041e \u0426\u0415\u041d\u0422\u0420\u0410 \u0420\u0410\u041d\u00bb","og_description":"Possible consequences of the development of smart production systems \u201cSmart Factory\u201d during the period of intellectualization of living environment O.Z. Zagazezheva, S.Kh. Shalova Upload the full text Abstract: The article discusses the possible consequences of the introduction of smart production systems \u201cSmart Factory\u201d. The introduction of robotic systems into production activities, as well as some [&hellip;]","og_url":"https:\/\/izvestiyakbncran.ru\/index.php\/en\/25-6-31-en\/","og_site_name":"\u0418\u0417\u0412\u0415\u0421\u0422\u0418\u042f \u041a\u0410\u0411\u0410\u0420\u0414\u0418\u041d\u041e-\u0411\u0410\u041b\u041a\u0410\u0420\u0421\u041a\u041e\u0413\u041e \u041d\u0410\u0423\u0427\u041d\u041e\u0413\u041e \u0426\u0415\u041d\u0422\u0420\u0410 \u0420\u0410\u041d\u00bb","article_modified_time":"2026-04-10T09:12:05+00:00","twitter_card":"summary_large_image","twitter_misc":{"\u041f\u0440\u0438\u043c\u0435\u0440\u043d\u043e\u0435 \u0432\u0440\u0435\u043c\u044f \u0434\u043b\u044f \u0447\u0442\u0435\u043d\u0438\u044f":"5 \u043c\u0438\u043d\u0443\u0442"},"schema":{"@context":"https:\/\/schema.org","@graph":[{"@type":"WebPage","@id":"https:\/\/izvestiyakbncran.ru\/index.php\/en\/25-6-31-en\/","url":"https:\/\/izvestiyakbncran.ru\/index.php\/en\/25-6-31-en\/","name":"25.6.31 En - \u0418\u0417\u0412\u0415\u0421\u0422\u0418\u042f \u041a\u0410\u0411\u0410\u0420\u0414\u0418\u041d\u041e-\u0411\u0410\u041b\u041a\u0410\u0420\u0421\u041a\u041e\u0413\u041e \u041d\u0410\u0423\u0427\u041d\u041e\u0413\u041e \u0426\u0415\u041d\u0422\u0420\u0410 \u0420\u0410\u041d\u00bb","isPartOf":{"@id":"https:\/\/izvestiyakbncran.ru\/#website"},"datePublished":"2026-04-07T08:05:44+00:00","dateModified":"2026-04-10T09:12:05+00:00","breadcrumb":{"@id":"https:\/\/izvestiyakbncran.ru\/index.php\/en\/25-6-31-en\/#breadcrumb"},"inLanguage":"ru-RU","potentialAction":[{"@type":"ReadAction","target":["https:\/\/izvestiyakbncran.ru\/index.php\/en\/25-6-31-en\/"]}]},{"@type":"BreadcrumbList","@id":"https:\/\/izvestiyakbncran.ru\/index.php\/en\/25-6-31-en\/#breadcrumb","itemListElement":[{"@type":"ListItem","position":1,"name":"\u0413\u043b\u0430\u0432\u043d\u0430\u044f \u0441\u0442\u0440\u0430\u043d\u0438\u0446\u0430","item":"https:\/\/izvestiyakbncran.ru\/"},{"@type":"ListItem","position":2,"name":"25.6.31 En"}]},{"@type":"WebSite","@id":"https:\/\/izvestiyakbncran.ru\/#website","url":"https:\/\/izvestiyakbncran.ru\/","name":"\u0418\u0417\u0412\u0415\u0421\u0422\u0418\u042f \u041a\u0410\u0411\u0410\u0420\u0414\u0418\u041d\u041e-\u0411\u0410\u041b\u041a\u0410\u0420\u0421\u041a\u041e\u0413\u041e \u041d\u0410\u0423\u0427\u041d\u041e\u0413\u041e \u0426\u0415\u041d\u0422\u0420\u0410 \u0420\u0410\u041d\u00bb","description":"\u041d\u0430\u0443\u0447\u043d\u044b\u0439 \u0436\u0443\u0440\u043d\u0430\u043b","publisher":{"@id":"https:\/\/izvestiyakbncran.ru\/#organization"},"potentialAction":[{"@type":"SearchAction","target":{"@type":"EntryPoint","urlTemplate":"https:\/\/izvestiyakbncran.ru\/?s={search_term_string}"},"query-input":{"@type":"PropertyValueSpecification","valueRequired":true,"valueName":"search_term_string"}}],"inLanguage":"ru-RU"},{"@type":"Organization","@id":"https:\/\/izvestiyakbncran.ru\/#organization","name":"\u0418\u0417\u0412\u0415\u0421\u0422\u0418\u042f \u041a\u0410\u0411\u0410\u0420\u0414\u0418\u041d\u041e-\u0411\u0410\u041b\u041a\u0410\u0420\u0421\u041a\u041e\u0413\u041e \u041d\u0410\u0423\u0427\u041d\u041e\u0413\u041e \u0426\u0415\u041d\u0422\u0420\u0410 \u0420\u0410\u041d\u00bb","url":"https:\/\/izvestiyakbncran.ru\/","logo":{"@type":"ImageObject","inLanguage":"ru-RU","@id":"https:\/\/izvestiyakbncran.ru\/#\/schema\/logo\/image\/","url":"https:\/\/izvestiyakbncran.ru\/wp-content\/uploads\/2025\/07\/oblozhka-zhurnala-na-angl-scaled.jpg","contentUrl":"https:\/\/izvestiyakbncran.ru\/wp-content\/uploads\/2025\/07\/oblozhka-zhurnala-na-angl-scaled.jpg","width":1828,"height":2560,"caption":"\u0418\u0417\u0412\u0415\u0421\u0422\u0418\u042f \u041a\u0410\u0411\u0410\u0420\u0414\u0418\u041d\u041e-\u0411\u0410\u041b\u041a\u0410\u0420\u0421\u041a\u041e\u0413\u041e \u041d\u0410\u0423\u0427\u041d\u041e\u0413\u041e \u0426\u0415\u041d\u0422\u0420\u0410 \u0420\u0410\u041d\u00bb"},"image":{"@id":"https:\/\/izvestiyakbncran.ru\/#\/schema\/logo\/image\/"}}]}},"_links":{"self":[{"href":"https:\/\/izvestiyakbncran.ru\/index.php\/wp-json\/wp\/v2\/pages\/10365","targetHints":{"allow":["GET"]}}],"collection":[{"href":"https:\/\/izvestiyakbncran.ru\/index.php\/wp-json\/wp\/v2\/pages"}],"about":[{"href":"https:\/\/izvestiyakbncran.ru\/index.php\/wp-json\/wp\/v2\/types\/page"}],"author":[{"embeddable":true,"href":"https:\/\/izvestiyakbncran.ru\/index.php\/wp-json\/wp\/v2\/users\/1"}],"replies":[{"embeddable":true,"href":"https:\/\/izvestiyakbncran.ru\/index.php\/wp-json\/wp\/v2\/comments?post=10365"}],"version-history":[{"count":10,"href":"https:\/\/izvestiyakbncran.ru\/index.php\/wp-json\/wp\/v2\/pages\/10365\/revisions"}],"predecessor-version":[{"id":11137,"href":"https:\/\/izvestiyakbncran.ru\/index.php\/wp-json\/wp\/v2\/pages\/10365\/revisions\/11137"}],"wp:attachment":[{"href":"https:\/\/izvestiyakbncran.ru\/index.php\/wp-json\/wp\/v2\/media?parent=10365"}],"curies":[{"name":"wp","href":"https:\/\/api.w.org\/{rel}","templated":true}]}}